{"id":853,"date":"2016-11-17T00:44:00","date_gmt":"2016-11-16T23:44:00","guid":{"rendered":"http:\/\/www.blacksparkmedia.de\/?page_id=853"},"modified":"2025-06-11T03:24:24","modified_gmt":"2025-06-11T01:24:24","slug":"buch-lieder-zur-weihnachtszeit-fuer-gitarre","status":"publish","type":"page","link":"https:\/\/www.blacksparkmedia.de\/?page_id=853","title":{"rendered":"Buch Lieder zur Weihnachtszeit f\u00fcr Gitarre"},"content":{"rendered":"<h1 class=\"has-text-align-left\">Lieder zur Weihnachtszeit<\/h1>\n<h4 class=\"has-text-align-left\">Solo- und Begleitstimmen f\u00fcr Gitarre<\/h4>\n<h3 class=\"has-text-align-left\">Mario l&#8217;Ange (Hrsg.)<\/h3>\n<div style=\"height:18px\" aria-hidden=\"true\" class=\"wp-block-spacer\"><\/div>\n<div class=\"flex\">\n<p><img decoding=\"async\" class=\"width=\" src=\"\/wp-content\/uploads\/2016\/11\/lAnge_Lieder-zur-Weihnachtszeit.jpeg\" style=\"width:388px;height:546px\"\/><\/p>\n<ul>\n<li>Bestellnr.: BSM-N12<\/li>\n<li>ISBN:\u00a0978-3-945186-11-4<\/li>\n<li>V\u00d6: November 2016<\/li>\n<li>44 Seiten A4, geheftet; Softcover seidenmatt<\/li>\n<\/ul>\n<p class=\"has-text-align-left\">Traditionelle Lieder f\u00fcr die Weihnachts- und Adventszeit in gitarrenfreundlichen Tonarten mit Solo- und Begleitstimme<br \/>Als Erg\u00e4nzung zum Instrumentalunterricht an der Musikschule geeignet<br \/>Noten, Tabulatur und Liedtexte, mit CD<\/p>\n<p class=\"has-text-align-left\">F\u00fcr Gitarristen, Gitarrensch\u00fcler und -lehrer<\/p>\n<div style=\"height:18px\" aria-hidden=\"true\" class=\"wp-block-spacer\"><\/div>\n<ul class=\"abstand_button_oben\">\n<div class=\"wp-block-button\"><a class=\"wp-block-button__link wp-element-button\" href=\"\/wp-content\/uploads\/2016\/11\/MlAnge_Lieder-zur-Weihnachtszeit-Leseprobe.pdf\">Leseprobe <\/a><\/div>\n<\/p>\n<div class=\"wp-block-button\"><a class=\"wp-block-button__link wp-element-button\" href=\"https:\/\/youtu.be\/RwLTxpgr9tQ\">H\u00f6rprobe mit Blick ins Buch<\/a><\/div>\n<\/p>\n<div class=\"wp-block-button\"><a class=\"wp-block-button__link wp-element-button\" href=\"\/?page_id=1202\" target=\"_blank\" rel=\"noreferrer noopener\">Noten mit CD 18,90\u00a0\u20ac kaufen<\/a><\/div>\n<\/ul>\n<\/div>\n<p class=\"has-text-align-left\">Inhalt:<br \/>01 &#8211; Ach bittrer Winter<br \/>02 &#8211; Alle Jahre wieder<br \/>03 &#8211; Am Weihnachtsbaum die Lichter brennen<br \/>04 &#8211; Der Mond ist aufgegangen<br \/>05 &#8211; Es ist ein Ros&#8216; entsprungen<br \/>06 &#8211; Freude sch\u00f6ner G\u00f6tterfunken<br \/>07 &#8211; Fr\u00f6hliche Weihnacht<br \/>08 &#8211; Gloria in excelsis Deo<br \/>09 &#8211; Kling Gl\u00f6ckchen, klingelingeling<br \/>10 &#8211; Leise rieselt der Schnee<br \/>11 &#8211; O du fr\u00f6hliche<br \/>12 &#8211; O Tannenbaum<br \/>13 &#8211; Schneefl\u00f6ckchen, Wei\u00dfr\u00f6ckchen<br \/>14 &#8211; Stille Nacht, heilige Nacht<br \/>15 &#8211; S\u00fc\u00dfer die Glocken nie klingen<br \/>16 &#8211; Tochter Zion, freue dich<br \/>17 &#8211; Vom Himmel hoch, da komm ich her<br \/>18 &#8211; We Wish You A Merry Christmas<\/p>\n<\/div>\n","protected":false},"excerpt":{"rendered":"<p>Lieder zur Weihnachtszeit Solo- und Begleitstimmen f\u00fcr Gitarre Mario l&#8217;Ange (Hrsg.) Bestellnr.: BSM-N12 ISBN:\u00a0978-3-945186-11-4 V\u00d6: November 2016 44 Seiten A4, geheftet; Softcover seidenmatt Traditionelle Lieder f\u00fcr die Weihnachts- und Adventszeit in gitarrenfreundlichen Tonarten mit Solo- und BegleitstimmeAls Erg\u00e4nzung zum Instrumentalunterricht an der Musikschule geeignetNoten, Tabulatur und Liedtexte, mit CD F\u00fcr Gitarristen, Gitarrensch\u00fcler und -lehrer Leseprobe &hellip; <a href=\"https:\/\/www.blacksparkmedia.de\/?page_id=853\" class=\"more-link\"><span class=\"screen-reader-text\">Buch Lieder zur Weihnachtszeit f\u00fcr Gitarre<\/span> weiterlesen<\/a><\/p>\n","protected":false},"author":2,"featured_media":0,"parent":0,"menu_order":0,"comment_status":"closed","ping_status":"closed","template":"","meta":{"footnotes":""},"class_list":["post-853","page","type-page","status-publish","hentry"],"_links":{"self":[{"href":"https:\/\/www.blacksparkmedia.de\/index.php?rest_route=\/wp\/v2\/pages\/853","targetHints":{"allow":["GET"]}}],"collection":[{"href":"https:\/\/www.blacksparkmedia.de\/index.php?rest_route=\/wp\/v2\/pages"}],"about":[{"href":"https:\/\/www.blacksparkmedia.de\/index.php?rest_route=\/wp\/v2\/types\/page"}],"author":[{"embeddable":true,"href":"https:\/\/www.blacksparkmedia.de\/index.php?rest_route=\/wp\/v2\/users\/2"}],"replies":[{"embeddable":true,"href":"https:\/\/www.blacksparkmedia.de\/index.php?rest_route=%2Fwp%2Fv2%2Fcomments&post=853"}],"version-history":[{"count":25,"href":"https:\/\/www.blacksparkmedia.de\/index.php?rest_route=\/wp\/v2\/pages\/853\/revisions"}],"predecessor-version":[{"id":2101,"href":"https:\/\/www.blacksparkmedia.de\/index.php?rest_route=\/wp\/v2\/pages\/853\/revisions\/2101"}],"wp:attachment":[{"href":"https:\/\/www.blacksparkmedia.de\/index.php?rest_route=%2Fwp%2Fv2%2Fmedia&parent=853"}],"curies":[{"name":"wp","href":"https:\/\/api.w.org\/{rel}","templated":true}]}}