{"id":448,"date":"2016-01-16T13:37:00","date_gmt":"2016-01-16T12:37:00","guid":{"rendered":"http:\/\/localhost\/wordpress\/?page_id=448"},"modified":"2026-04-09T15:39:46","modified_gmt":"2026-04-09T13:39:46","slug":"buch-gitarrenbuch-fuer-die-musikschule","status":"publish","type":"page","link":"https:\/\/www.blacksparkmedia.de\/?page_id=448","title":{"rendered":"Buchreihe Gitarrenbuch f\u00fcr die Musikschule"},"content":{"rendered":"<h2 class=\"has-text-align-left\">Das Gitarrenbuch f\u00fcr die Musikschule<\/h2>\n<h3 class=\"has-text-align-left\">Mario l&#8217;Ange<\/h3>\n<div style=\"height:18px\" aria-hidden=\"true\" class=\"wp-block-spacer\"><\/div>\n<p class=\"has-text-align-left\">Modernes Lehrbuch f\u00fcr den Instrumentalunterricht (nicht nur) an der Musikschule im Fach Akustikgitarre\/Spanische Gitarre mit Noten und Tabulatur<br \/>Gro\u00dfe stilistische Bandbreite mit Spieltechniken aus Klassik, Folk, Blues, Flamenco, Pop und Latin<br \/> Audio aller St\u00fccke sowie der einzelnen Begleitstimmen, z.T. in verschiedenen Geschwindigkeiten zum rhythmisch genauen \u00dcben und Videos zu Anschlags- und Greiftechniken<br \/>\nF\u00fcr Gitarrensch\u00fcler und -lehrer; auch f\u00fcr Wiedereinsteiger und zum Selbststudium; Altersempfehlung: ab 9 Jahre<\/p>\n<div class=\"flex\">\n<h2 class=\"abstand_oben_null\">Band 1<\/h2>\n<p class=\"has-text-align-left\"><span style=\"color: #ff9900;\">Erweiterte Neuausgabe<\/span><\/p>\n<p><img decoding=\"async\" class=\"size-full abstand_rechts\" src=\"\/wp-content\/uploads\/2025\/05\/Gitarrenbuch-Musikschule-1-neu-Cover.png\" alt=\"Mario Lange_Gitarrenbuch 1\" style=\"width:388px;height:546px><\/p>\n<div class=\"blogmeta_products abstand_links beschreibung\">\n<ul>\n<li class=\"has-text-align-left\">Bestellnr.: BSM-N06<\/li>\n<li class=\"has-text-align-left\">ISBN: 978-3-945186-05-3<\/li>\n<li class=\"has-text-align-left\">Erst-V\u00d6: Januar 2015; Erweiterte Neuausgabe mit Online-Medien: April 2026<\/li>\n<li class=\"has-text-align-left\">68 Seiten A4, gebunden; Softcover seidenmatt<\/li>\n<li class=\"has-text-align-left\">Medien: Audio und Video<\/li>\n<li class=\"has-text-align-left\">Inhalt: Daumenanschlag, Arpeggios; \u201cAuld Lang Syne\u201c, \u201cEurovisions-Melodie\u201c, \u201cMalague\u00f1a\u201c-Thema u.a.<\/li>\n<div style=\"height:25px\" aria-hidden=\"true\" class=\"wp-block-spacer\"><\/div>\n<ul class=\"abstand_button_oben\">\n<div class=\"wp-block-button\"><a class=\"wp-block-button__link wp-element-button\" href=\"\/wp-content\/uploads\/2025\/05\/Mario-Lange_Gitarrenbuch-1-2025_Leseprobe.pdf\">Leseprobe <\/a><\/div>\n<\/p>\n<div class=\"wp-block-button\"><a class=\"wp-block-button__link wp-element-button\" href=\"\/?page_id=1202\" target=\"_blank\" rel=\"noreferrer noopener\">Buch 26,80 \u20ac kaufen<\/a><\/div>\n<\/ul>\n<\/div class=\"flex\">\n<div style=\"height:18px\" aria-hidden=\"true\" class=\"wp-block-spacer\"><\/div>\n<div class=\"flex\">\n<h2 class=\"abstand_oben_null\">Band 2<\/h2>\n<p class=\"has-text-align-left\"><span style=\"color: #ff9900;\">Erweiterte Neuausgabe<\/span><\/p>\n<p><img decoding=\"async\" class=\"size-full abstand_rechts\" src=\"\/wp-content\/uploads\/2025\/06\/Gitarrenbuch-Musikschule-2-neu-Cover-RGB.png\" alt=\"Mario Lange_Gitarrenbuch 2\" style=\"width:388px;height:546px><\/p>\n<div class=\"blogmeta_products abstand_links beschreibung\">\n<ul>\n<li class=\"has-text-align-left\">Bestellnr.: BSM-N07<\/li>\n<li class=\"has-text-align-left\">ISBN: 978-3-945186-06-0<\/li>\n<li class=\"has-text-align-left\">V\u00d6: Februar 2015; Erweiterte Neuausgabe mit Online-Medien: April 2026<\/li>\n<li class=\"has-text-align-left\">68 Seiten A4, gebunden; Softcover seidenmatt<\/li>\n<li class=\"has-text-align-left\">Medien: Audio und Video<\/li>\n<li class=\"has-text-align-left\">Inhalt: Picado, Schlagtechnik; \u201cValse Tzigane\u201c, \u201cSpanische Romanze\u201c (Bearbeitung f\u00fcr 2 Gitarren), \u201cShuffling The Blues\u201c, \u201cRumba Chiquita\u201c u.a.<\/li>\n<\/ul>\n<ul class=\"abstand_button_oben\">\n<div class=\"wp-block-button\"><a class=\"wp-block-button__link wp-element-button\" href=\"\/wp-content\/uploads\/2025\/07\/Mario-Lange_Gitarrenbuch-2-2025_Leseprobe.pdf\">Leseprobe <\/a><\/div>\n<\/p>\n<div class=\"wp-block-button\"><a class=\"wp-block-button__link wp-element-button\" href=\"\/?page_id=1202\" target=\"_blank\" rel=\"noreferrer noopener\">Buch 26,80 \u20ac kaufen<\/a><\/div>\n<\/ul>\n<\/div class=\"flex\">\n<div style=\"height:18px\" aria-hidden=\"true\" class=\"wp-block-spacer\"><\/div>\n<div class=\"flex\">\n<h2 class=\"abstand_oben_null\">Band 3<\/h2>\n<p class=\"has-text-align-left\"><span style=\"color: #ff9900;\">Erweiterte Neuausgabe<\/p>\n<p><img decoding=\"async\" class=\"size-full abstand_rechts\" src=\"\/wp-content\/uploads\/2025\/06\/Gitarrenbuch-Musikschule-3-neu-Cover-RGB.png\" alt=\"Mario Lange_Gitarrenbuch 3\" style=\"width:388px;height:546px><\/p>\n<div class=\"blogmeta_products abstand_links beschreibung\">\n<ul>\n<li class=\"has-text-align-left\">Bestellnr.: BSM-N08<\/li>\n<li class=\"has-text-align-left\">ISBN: 978-3-945186-07-7<\/li>\n<li class=\"has-text-align-left\">Erst-V\u00d6: Oktober 2015; Erweiterte Neuausgabe mit Online-Medien: April 2026<\/li>\n<li class=\"has-text-align-left\">68 Seiten A4, gebunden; Softcover seidenmatt<\/li>\n<li class=\"has-text-align-left\">Medien: Audio und Video<\/li>\n<li class=\"has-text-align-left\">Inhalt: Zweistimmiger Anschlag, Folk-Picking; \u201cAmazing Grace&#8220;, \u201cEl Condor Pasa\u201c, \u201cScarborough Fair\u201c, \u201cGreensleeves\u201c, \u201cMalague\u00f1a\u201c f\u00fcr 2 Gitarren, \u201cHava Nagila\u201c, \u201cHouse Of The Rising Sun\u201c u.a.<\/li>\n<\/ul>\n<ul class=\"abstand_button_oben\">\n<div class=\"wp-block-button\"><a class=\"wp-block-button__link wp-element-button\" href=\"\/wp-content\/uploads\/2025\/06\/Leseprobe-Dummy.pdf\">Leseprobe <\/a><\/div>\n<\/p>\n<div class=\"wp-block-button\"><a class=\"wp-block-button__link wp-element-button\" href=\"\/?page_id=1202\" target=\"_blank\" rel=\"noreferrer noopener\">Buch 26,80 \u20ac kaufen<\/a><\/div>\n<\/ul>\n<\/div class=\"flex\">\n<div style=\"height:18px\" aria-hidden=\"true\" class=\"wp-block-spacer\"><\/div>\n<div class=\"flex\">\n<h2 class=\"abstand_oben_null\">Band 4<\/h2>\n<p class=\"has-text-align-left\"><span style=\"color: red;\">Erweiterte Neuausgabe in Vorbereitung<\/p>\n<p><img decoding=\"async\" class=\"size-full abstand_rechts\" src=\"\/wp-content\/uploads\/2025\/06\/Gitarrenbuch-Musikschule-4-neu-Cover-RGB.png\"  alt=\"Mario Lange_Gitarrenbuch 4\" style=\"width:388px;height:546px><\/p>\n<div class=\"blogmeta_products abstand_links beschreibung\">\n<ul>\n<li class=\"has-text-align-left\">Bestellnr.: BSM-N09<\/li>\n<li class=\"has-text-align-left\">ISBN: 978-3-945186-08-4<\/li>\n<li class=\"has-text-align-left\">Erst-V\u00d6: August 2017; Erweiterte Neuausgabe mit Online-Medien: Mai 2026<\/li>\n<li class=\"has-text-align-left\">68 Seiten A4, gebunden; Softcover seidenmatt<\/li>\n<li class=\"has-text-align-left\">Medien: Audio und Video<\/li>\n<li class=\"has-text-align-left\">Inhalt: Anschlagsmuster f\u00fcr Rumba, Mexican Valse, Bossa Nova; \u201cLa Cucaracha\u201c, \u201cMexikanischer Huttanz\u201c, \u201cLa Paloma\u201c; zweistimmige Arrangements f\u00fcr \u201cDie Moldau\u201c, \u201cSchwanensee\u201c, \u201cRecuerdos de la Alhambra\u201c u.a.<\/li>\n<\/ul>\n<ul class=\"abstand_button_oben\">\n<div class=\"wp-block-button\"><a class=\"wp-block-button__link wp-element-button\" href=\"\/wp-content\/uploads\/2025\/06\/Leseprobe-Dummy.pdf\">Leseprobe <\/a><\/div>\n<\/p>\n<div class=\"wp-block-button\"><a class=\"wp-block-button__link wp-element-button\" href=\"\/?page_id=1202\" target=\"_blank\" rel=\"noreferrer noopener\">Buch 26,80 \u20ac vorbestellen<\/a><\/div>\n<\/ul>\n<\/div class=\"flex\">\n<div class=\"flex\">\n<h2 class=\"abstand_oben_null\">Band 5<\/h2>\n<p class=\"has-text-align-left\"><span style=\"color: yellow;\">CD-Ausgabe Restexemplare<\/p>\n<p><img decoding=\"async\" class=\"size-full abstand_rechts\" src=\"\/wp-content\/uploads\/2025\/06\/Gitarrenbuch-Musikschule-5-Cover-1400px-RGB.png\" alt=\"Mario Lange_Gitarrenbuch 5\" style=\"width:388px;height:546px><\/p>\n<div class=\"blogmeta_products abstand_links beschreibung\">\n<li class=\"has-text-align-left\">Bestellnr.: BSM-N10<\/li>\n<li class=\"has-text-align-left\">ISBN: 978-3-945186-09-1<\/li>\n<li class=\"has-text-align-left\">V\u00d6: Januar 2019; Erweiterte Neuausgabe mit Online-Medien: voraussichtlich Sommer 2026<\/li>\n<li class=\"has-text-align-left\">68 Seiten A4, geheftet; Softcover Hochglanz<\/li>\n<li class=\"has-text-align-left\">Medien: Audio-CD<\/li>\n<li class=\"has-text-align-left\">Inhalt: Anschlagsmuster f\u00fcr Pop-Balladen, Tango, Samba;&nbsp; zweistimmige Arrangements f\u00fcr \u201cHabanera\u201c aus \u201cCarmen\u201c, \u201cLa Leyenda del Beso\u201c u.a.<\/li>\n<\/ul>\n<div style=\"height:25px\" aria-hidden=\"true\" class=\"wp-block-spacer\"><\/div>\n<ul class=\"abstand_button_oben\">\n<div class=\"wp-block-button\"><a class=\"wp-block-button__link wp-element-button\" href=\"\/wp-content\/uploads\/2025\/06\/Leseprobe-Dummy.pdf\">Leseprobe <\/a><\/div>\n<\/p>\n<div class=\"wp-block-button\"><a class=\"wp-block-button__link wp-element-button\" href=\"\/?page_id=1202\" target=\"_blank\" rel=\"noreferrer noopener\">Buch mit&nbsp;CD 24,80 \u20ac kaufen<\/a><\/div>\n<\/ul>\n<\/div class=\"blogmeta_products abstand_links beschreibung\">\n<\/div class=\"flex\">\n","protected":false},"excerpt":{"rendered":"<p>Das Gitarrenbuch f\u00fcr die Musikschule Mario l&#8217;Ange Modernes Lehrbuch f\u00fcr den Instrumentalunterricht (nicht nur) an der Musikschule im Fach Akustikgitarre\/Spanische Gitarre mit Noten und TabulaturGro\u00dfe stilistische Bandbreite mit Spieltechniken aus Klassik, Folk, Blues, Flamenco, Pop und Latin Audio aller St\u00fccke sowie der einzelnen Begleitstimmen, z.T. in verschiedenen Geschwindigkeiten zum rhythmisch genauen \u00dcben und Videos zu &hellip; <a href=\"https:\/\/www.blacksparkmedia.de\/?page_id=448\" class=\"more-link\"><span class=\"screen-reader-text\">Buchreihe Gitarrenbuch f\u00fcr die Musikschule<\/span> weiterlesen<\/a><\/p>\n","protected":false},"author":1,"featured_media":0,"parent":0,"menu_order":0,"comment_status":"closed","ping_status":"closed","template":"","meta":{"footnotes":""},"class_list":["post-448","page","type-page","status-publish","hentry"],"_links":{"self":[{"href":"https:\/\/www.blacksparkmedia.de\/index.php?rest_route=\/wp\/v2\/pages\/448","targetHints":{"allow":["GET"]}}],"collection":[{"href":"https:\/\/www.blacksparkmedia.de\/index.php?rest_route=\/wp\/v2\/pages"}],"about":[{"href":"https:\/\/www.blacksparkmedia.de\/index.php?rest_route=\/wp\/v2\/types\/page"}],"author":[{"embeddable":true,"href":"https:\/\/www.blacksparkmedia.de\/index.php?rest_route=\/wp\/v2\/users\/1"}],"replies":[{"embeddable":true,"href":"https:\/\/www.blacksparkmedia.de\/index.php?rest_route=%2Fwp%2Fv2%2Fcomments&post=448"}],"version-history":[{"count":139,"href":"https:\/\/www.blacksparkmedia.de\/index.php?rest_route=\/wp\/v2\/pages\/448\/revisions"}],"predecessor-version":[{"id":2152,"href":"https:\/\/www.blacksparkmedia.de\/index.php?rest_route=\/wp\/v2\/pages\/448\/revisions\/2152"}],"wp:attachment":[{"href":"https:\/\/www.blacksparkmedia.de\/index.php?rest_route=%2Fwp%2Fv2%2Fmedia&parent=448"}],"curies":[{"name":"wp","href":"https:\/\/api.w.org\/{rel}","templated":true}]}}