{"id":312,"date":"2015-12-29T23:02:14","date_gmt":"2015-12-29T22:02:14","guid":{"rendered":"http:\/\/localhost\/wordpress\/?page_id=312"},"modified":"2026-04-09T15:26:44","modified_gmt":"2026-04-09T13:26:44","slug":"agb-2","status":"publish","type":"page","link":"https:\/\/www.blacksparkmedia.de\/?page_id=312","title":{"rendered":"AGB"},"content":{"rendered":"<h2 class=\"wp-block-heading\">Allgemeine Gesch\u00e4ftsbedingungen (AGB)<\/h2>\n<div style=\"height:18px\" aria-hidden=\"true\" class=\"wp-block-spacer\"><\/div>\n<ol>\n<li class=\"has-text-align-left\">Diese allgemeinen Gesch\u00e4ftsbedingungen liegen allen Liefergesch\u00e4ften zugrunde, sofern nicht generell oder durch Einzelvereinbarung schriftlich ausdr\u00fccklich etwas anderes vereinbart wird. Widersprechende Gesch\u00e4ftsbedingungen des Kunden sind durch die nachfolgenden Bedingungen aufgehoben.<\/li>\n<li class=\"has-text-align-left\">Die Darstellung der Produkte im Internetauftritt des Verlages beinhaltet lediglich eine Aufforderung an den Kunden zur Abgabe eines Vertragsangebotes. Indem der Kunde eine Bestellung absendet, gibt er ein Angebot im Sinne des \u00a7 145 BGB ab. Der Besteller erh\u00e4lt eine Bestellbest\u00e4tigung per E-Mail. Die Bestellbest\u00e4tigung erfolgt automatisch und stellt noch keine Annahmeerkl\u00e4rung dar. Der Kaufvertrag kommt dadurch zustande, dass der Verlag das Angebot des Bestellers zum Abschluss eines Kaufvertrags schriftlich best\u00e4tigt (Auftragsbest\u00e4tigung). Angebote und Auftr\u00e4ge sind freibleibend bis zur Auftragsbest\u00e4tigung und\/oder Rechnung.<\/li>\n<li class=\"has-text-align-left\">Der Warenversand an Privatkunden erfolgt gegen Vorkasse mit \u00dcberweisung. Die Bankverbindung f\u00fcr die \u00dcberweisung wird mit der Auftragsbest\u00e4tigung bekanntgegeben. Der Warenversand an H\u00e4ndler erfolgt gegen Rechnung. Eventuelle Bankgeb\u00fchren d\u00fcrfen nicht zu Lasten des Verlages gehen.<\/li>\n<li class=\"has-text-align-left\">Der Besteller tr\u00e4gt die Kosten f\u00fcr Versand (Porto) und Verpackung, nachfolgend zusammengefasst als Versandkosten. Der Warenversand erfolgt per Deutsche Post AG oder DHL, abh\u00e4ngig vom Umfang der Bestellung \u2013 innerhalb Deutschlands ab 3,00 \u20ac brutto, abh\u00e4ngig vom Umfang der Bestellung. Die f\u00fcr die jeweilige Sendung f\u00e4lligen Versandkosten werden mit der Auftragsbest\u00e4tigung mitgeteilt. Bestellungen \u00fcber 50,00 \u20ac Warenwert sind innerhalb Deutschlands versandkostenfrei.<\/li>\n<li class=\"has-text-align-left\">Bei Lieferung auf Rechnung beginnt die Lieferzeit mit der Auftragsbest\u00e4tigung, bei Lieferung gegen Vorkasse mit Eingang der Zahlung auf das mitgeteilte Bankkonto. Die Lieferzeit betr\u00e4gt vierzehn Tage. Ist ein Produkt kurzfristig ausverkauft, wird der Besteller in der Bestellbest\u00e4tigung dar\u00fcber informiert, und die Lieferung erfolgt zum schnellstm\u00f6glichen Termin. Wird die Lieferzeit um mehr als 4 Wochen \u00fcberschritten, ist der Besteller berechtigt, eine Nachfrist zu setzen und nach fruchtlosem Ablauf vom Vertrag zur\u00fcckzutreten. Der R\u00fccktritt muss schriftlich erkl\u00e4rt werden. Weitergehende Anspr\u00fcche sind ausgeschlossen. Teillieferungen sind zul\u00e4ssig, hinsichtlich dieser ist bei rechtzeitiger Lieferung ein R\u00fccktritt nicht m\u00f6glich. Bei h\u00f6herer Gewalt wird die Lieferfrist um die Dauer der Behinderung in angemessener Weise verl\u00e4ngert, auch wenn derartige Ereignisse w\u00e4hrend eines bereits vorliegenden Verzugs entstehen. Bei Liefer\u00ad- oder Leistungsverzug oder bei Unm\u00f6glichkeit der Lieferung oder Leistung sind Schadensersatzanspr\u00fcche wegen Nichterf\u00fcllung ausgeschlossen, es sei denn, dem Verlag fallen Vorsatz oder grobe Fahrl\u00e4ssigkeit zur Last.<\/li>\n<li class=\"has-text-align-left\">Bei berechtigten Beanstandungen fehlerhafter Ware erfolgt Ersatzlieferung. Bei Transportsch\u00e4den oder Verlust durch unsachgem\u00e4\u00dfe Zustellung besteht dieser Anspruch jedoch nicht. Eine Versicherung der Ware gegen Transportsch\u00e4den erfolgt nur auf ausdr\u00fccklichen Wunsch und zu Lasten des Bestellers. Nimmt der Besteller die Ware nicht ab, ist der Verlag berechtigt, vom Vertrag zur\u00fcckzutreten und Schadensersatz wegen Nichterf\u00fcllung zu verlangen. Im letzteren Fall ist der Verlag berechtigt, entweder ohne Nachweis eines Schadens 25 % des Ladenpreises oder Ersatz des tats\u00e4chlich entstandenen Schadens zu verlangen, es sei denn, der Besteller weist einen geringeren Schaden nach.<\/li>\n<li class=\"has-text-align-left\">Die gelieferte Ware bleibt bis zur vollst\u00e4ndigen Bezahlung des Kaufpreises Eigentum des Verlages.<\/li>\n<li class=\"has-text-align-left\">Die bei der Bestellung gewonnenen pers\u00f6nlichen Daten des Kunden werden gem\u00e4\u00df den Bestimmungen des Bundesdatenschutzgesetzes vertraulich behandelt.<\/li>\n<li class=\"has-text-align-left\">Widerrufsbelehrung f\u00fcr Verbraucher (Privatkunden).<br \/>\nAls Verbraucher gilt jede nat\u00fcrliche Person, die ein Rechtsgesch\u00e4ft zu einem Zwecke abschlie\u00dft, der weder ihrer gewerblichen noch ihrer selbst\u00e4ndigen beruflichen T\u00e4tigkeit zugerechnet werden kann (\u00a7 13 BGB). Verbraucher haben das Recht, binnen vierzehn Tagen ab dem Eingang der Bestellbest\u00e4tigung ohne Angabe von Gr\u00fcnden den Vertrag zu widerrufen. Zur Aus\u00fcbung seines Widerrufsrechts muss der Verbraucher den Verlag mittels einer eindeutigen schriftlichen Erkl\u00e4rung \u00fcber den Widerruf informieren. Er hat in diesem Fall die Ware unverz\u00fcglich und in jedem Fall sp\u00e4testens binnen vierzehn Tagen ab dem Widerruf an den Verlag zur\u00fcckzusenden oder zu \u00fcbergeben.<br \/>\nDie R\u00fcckzahlung erfolgt unverz\u00fcglich und sp\u00e4testens innerhalb von vierzehn Tagen ab Vorkasse Tag, an dem die Ware wieder beim Verlag eingegangen ist. Die unmittelbaren Kosten der R\u00fccksendung tr\u00e4gt der Verbraucher. Der Verbraucher muss f\u00fcr einen etwaigen Wertverlust der Waren aufkommen, wenn dieser auf einen zur Pr\u00fcfung der Beschaffenheit, Eigenschaften und Funktionsweise der Waren nicht notwendigen Umgang mit ihnen zur\u00fcckzuf\u00fchren ist.<\/li>\n<\/ol>\n<p style=\"text-align: right;\">Stand: Januar 2026<\/p>\n<div style=\"height:18px\" aria-hidden=\"true\" class=\"wp-block-spacer\"><\/div>\n","protected":false},"excerpt":{"rendered":"<p>Allgemeine Gesch\u00e4ftsbedingungen (AGB) Diese allgemeinen Gesch\u00e4ftsbedingungen liegen allen Liefergesch\u00e4ften zugrunde, sofern nicht generell oder durch Einzelvereinbarung schriftlich ausdr\u00fccklich etwas anderes vereinbart wird. Widersprechende Gesch\u00e4ftsbedingungen des Kunden sind durch die nachfolgenden Bedingungen aufgehoben. Die Darstellung der Produkte im Internetauftritt des Verlages beinhaltet lediglich eine Aufforderung an den Kunden zur Abgabe eines Vertragsangebotes. Indem der Kunde eine &hellip; <a href=\"https:\/\/www.blacksparkmedia.de\/?page_id=312\" class=\"more-link\"><span class=\"screen-reader-text\">AGB<\/span> weiterlesen<\/a><\/p>\n","protected":false},"author":1,"featured_media":0,"parent":0,"menu_order":0,"comment_status":"closed","ping_status":"closed","template":"","meta":{"footnotes":""},"class_list":["post-312","page","type-page","status-publish","hentry"],"_links":{"self":[{"href":"https:\/\/www.blacksparkmedia.de\/index.php?rest_route=\/wp\/v2\/pages\/312","targetHints":{"allow":["GET"]}}],"collection":[{"href":"https:\/\/www.blacksparkmedia.de\/index.php?rest_route=\/wp\/v2\/pages"}],"about":[{"href":"https:\/\/www.blacksparkmedia.de\/index.php?rest_route=\/wp\/v2\/types\/page"}],"author":[{"embeddable":true,"href":"https:\/\/www.blacksparkmedia.de\/index.php?rest_route=\/wp\/v2\/users\/1"}],"replies":[{"embeddable":true,"href":"https:\/\/www.blacksparkmedia.de\/index.php?rest_route=%2Fwp%2Fv2%2Fcomments&post=312"}],"version-history":[{"count":23,"href":"https:\/\/www.blacksparkmedia.de\/index.php?rest_route=\/wp\/v2\/pages\/312\/revisions"}],"predecessor-version":[{"id":2149,"href":"https:\/\/www.blacksparkmedia.de\/index.php?rest_route=\/wp\/v2\/pages\/312\/revisions\/2149"}],"wp:attachment":[{"href":"https:\/\/www.blacksparkmedia.de\/index.php?rest_route=%2Fwp%2Fv2%2Fmedia&parent=312"}],"curies":[{"name":"wp","href":"https:\/\/api.w.org\/{rel}","templated":true}]}}