{"id":1209,"date":"2024-11-29T13:16:44","date_gmt":"2024-11-29T12:16:44","guid":{"rendered":"http:\/\/www.blacksparkmedia.de\/?page_id=1209"},"modified":"2025-06-04T20:12:57","modified_gmt":"2025-06-04T18:12:57","slug":"kontakt-2","status":"publish","type":"page","link":"https:\/\/www.blacksparkmedia.de\/?page_id=1209","title":{"rendered":"Kontakt"},"content":{"rendered":"<h2 class=\"wp-block-heading\">Kontakt<\/h2>\n<div style=\"height:18px\" aria-hidden=\"true\" class=\"wp-block-spacer\"><\/div>\n\n\n<p class=\"has-text-align-left\">Bitte senden Sie uns eine E-Mail (Adresse siehe unten) mit Ihrer Anfrage. <\/p>\n\n\n\n<p class=\"has-text-align-left\">Teilen Sie uns bitte mit, ob Sie H\u00e4ndler oder Privatkunde sind. <\/p>\n\n\n\n<p class=\"has-text-align-left\">Falls Sie H\u00e4ndler sind, teilen Sie uns bitte auch die Webadresse Ihres Unternehmens mit. <\/p>\n\n\n\n<p class=\"has-text-align-left\">Vielen Dank.<\/p>\n\n\n\n<p class=\"has-text-align-left\">Ihre pers\u00f6nlichen Daten werden entsprechend unserer >><a rel=\"noreferrer noopener\" href=\"https:\/\/www.blacksparkmedia.de\/?page_id=1105\" data-type=\"URL\" data-id=\"https:\/\/www.blacksparkmedia.de\/?page_id=1105\" target=\"_blank\">Datenschutzerkl\u00e4rung<\/a> vertraulich behandelt.<\/p>\n\n\n<p class=\"has-text-align-left\">&gt;&gt; E-Mail an <a href=\"mailto:info@blacksparkmedia.de\">info@blacksparkmedia.de<\/a><\/p>\n<!-- \/wp:post-content -->\n<div style=\"height:18px\" aria-hidden=\"true\" class=\"wp-block-spacer\"><\/div>","protected":false},"excerpt":{"rendered":"<p>Kontakt Bitte senden Sie uns eine E-Mail (Adresse siehe unten) mit Ihrer Anfrage. Teilen Sie uns bitte mit, ob Sie H\u00e4ndler oder Privatkunde sind. Falls Sie H\u00e4ndler sind, teilen Sie uns bitte auch die Webadresse Ihres Unternehmens mit. Vielen Dank. Ihre pers\u00f6nlichen Daten werden entsprechend unserer >>Datenschutzerkl\u00e4rung vertraulich behandelt. &gt;&gt; E-Mail an info@blacksparkmedia.de<\/p>\n","protected":false},"author":2,"featured_media":0,"parent":0,"menu_order":0,"comment_status":"closed","ping_status":"closed","template":"","meta":{"footnotes":""},"class_list":["post-1209","page","type-page","status-publish","hentry"],"_links":{"self":[{"href":"https:\/\/www.blacksparkmedia.de\/index.php?rest_route=\/wp\/v2\/pages\/1209","targetHints":{"allow":["GET"]}}],"collection":[{"href":"https:\/\/www.blacksparkmedia.de\/index.php?rest_route=\/wp\/v2\/pages"}],"about":[{"href":"https:\/\/www.blacksparkmedia.de\/index.php?rest_route=\/wp\/v2\/types\/page"}],"author":[{"embeddable":true,"href":"https:\/\/www.blacksparkmedia.de\/index.php?rest_route=\/wp\/v2\/users\/2"}],"replies":[{"embeddable":true,"href":"https:\/\/www.blacksparkmedia.de\/index.php?rest_route=%2Fwp%2Fv2%2Fcomments&post=1209"}],"version-history":[{"count":17,"href":"https:\/\/www.blacksparkmedia.de\/index.php?rest_route=\/wp\/v2\/pages\/1209\/revisions"}],"predecessor-version":[{"id":1874,"href":"https:\/\/www.blacksparkmedia.de\/index.php?rest_route=\/wp\/v2\/pages\/1209\/revisions\/1874"}],"wp:attachment":[{"href":"https:\/\/www.blacksparkmedia.de\/index.php?rest_route=%2Fwp%2Fv2%2Fmedia&parent=1209"}],"curies":[{"name":"wp","href":"https:\/\/api.w.org\/{rel}","templated":true}]}}