{"id":1113,"date":"2024-11-28T02:27:33","date_gmt":"2024-11-28T01:27:33","guid":{"rendered":"http:\/\/www.blacksparkmedia.de\/?page_id=1113"},"modified":"2025-06-11T02:36:01","modified_gmt":"2025-06-11T00:36:01","slug":"buch-toca-flamenco","status":"publish","type":"page","link":"https:\/\/www.blacksparkmedia.de\/?page_id=1113","title":{"rendered":"Buch \u00a1Toca Flamenco!"},"content":{"rendered":"<h1 style=\"text-align: left;\">\u00a1Toca Flamenco!<\/h1>\n<h4 style=\"text-align: left;\">Rhythmusschule f\u00fcr Flamencogitarre<\/h4>\n<h3 class=\"wp-block-heading\">Mario l&#8217;Ange<\/h3>\n<div style=\"height:18px\" aria-hidden=\"true\" class=\"wp-block-spacer\"><\/div>\n<figure class=\" img-responsive size-full\"><a href=\"\/wp-content\/uploads\/2024\/11\/Mario-lAnge_Toca-Flamenco.png\"><img decoding=\"async\" src=\"\/wp-content\/uploads\/2025\/04\/\u00a1Toca-Flamenco-Cover-1218px.png\" alt=\"\" class=\"wp-image-1076\" style=\"width:388px;height:546px\"\/><\/a><\/figure>\n<div style=\"height:25px\" aria-hidden=\"true\" class=\"wp-block-spacer\"><\/div>\n<ul class=\"wp-block-list\">\n<li>Bestellnr.: BSM-N13<\/li>\n<li>ISBN:&nbsp;978-3-945186-12-1<\/li>\n<li>V\u00d6: 02.12.2024<\/li>\n<li>124 Seiten A4, gebunden; Softcover Hochglanz<\/li>\n<li>inkl. 78 Videoclips f\u00fcr Streaming &amp; Download (per QR-Code)<\/li>\n<li>Versandgewicht: 495 g<\/li>\n<\/ul>\n<p class=\"has-text-align-left\">Das neue Flamencogitarrenbuch! Erstmalig in deutscher Sprache: Einf\u00fchrung in die Tanzbegleitung und Improvisation.&nbsp;Ausf\u00fchrliche Kapitel zu <em>Seguiriyas, Sole\u00e1 por Buler\u00edas<\/em> und <em>Buler\u00edas<\/em>. Neues grafisches System zum \u00fcbersichtlichen Notieren von Flamencogitarrenbegleitung.<\/p>\n<p class=\"has-text-align-left\">Die Rhythmusschule wendet sich an alle Gitarristen und Flamenco-Interessierten, die wissen m\u00f6chten, wie die magische 12 im Flamenco funktioniert: Nach einer kleinen Einf\u00fchrung in die Welt des Flamenco mit Erkl\u00e4rungen zu den wichtigsten Begriffen werden die 12er-Rhythmen mit einem praktischen Bausteinsystem vermittelt. Dieses bildet auch den Schl\u00fcssel f\u00fcr die Flamenco-Improvisation.&nbsp;<\/p>\n<p class=\"has-text-align-left\">Ausf\u00fchrliche Notenschrift und Tabulatur werden schrittweise durch ein System grafischer Symbole ersetzt, um das Lesen l\u00e4ngerer Passagen und die Improvisation zu erleichtern, und um Formen und Abl\u00e4ufe insbesondere f\u00fcr die Tanzbegleitung so \u00fcbersichtlich wie m\u00f6glich zu zeigen. Die Betonungs-muster und grundlegenden Spieltechniken werden mit charakteristischen Akkordfolgen aus der Tanzbegleitung am Beispiel der <em>Seguiriyas<\/em> und der <em>Sole\u00e1 por Buler\u00edas<\/em> ausf\u00fchrlich erkl\u00e4rt und auf Taktsicherheit trainiert. Dabei wird auch dem richtigen Einsatz des Fu\u00dfes besondere Aufmerksamkeit geschenkt. Der zweite Teil des Buches befasst sich dann ausf\u00fchrlich mit dem rhythmischen Ph\u00e4nomen der <em>Buler\u00edas<\/em>.<\/p>\n<p class=\"has-text-align-left\">Die Rhythmusschule zeigt, wie man sich mit nur wenigen Akkordgriffen und einer Handvoll grundlegender Techniken eine solide Grundlage f\u00fcr die authentische Tanzbegleitung und Improvisation auf der Flamencogitarre erarbeiten kann.<\/p>\n<div style=\"height:25px\" aria-hidden=\"true\" class=\"wp-block-spacer\"><\/div>\n<ul class=\"abstand_button_oben\">\n<div class=\"wp-block-button\"><a class=\"wp-block-button__link wp-element-button\" href=\"\/wp-content\/uploads\/2024\/11\/Toca-Flamenco-Leseprobe.pdf\">Leseprobe <\/a><\/div>\n<\/p>\n<div class=\"wp-block-button\"><a class=\"wp-block-button__link wp-element-button\" href=\"\/?page_id=1202\" target=\"_blank\" rel=\"noreferrer noopener\">Buch 44,80 \u20ac kaufen<\/a><\/div>\n<\/ul>\n<div style=\"height:26px\" aria-hidden=\"true\" class=\"wp-block-spacer\"><\/div>\n<p class=\"has-text-align-left\">Videoclips zum Buch \u2013 Beispiele:<\/p>\n<div style=\"height:36px\" aria-hidden=\"true\" class=\"wp-block-spacer\"><\/div>\n<p><iframe loading=\"lazy\" title=\"Video 20 Seguiriyas Paseo mit Falseta\" width=\"660\" height=\"371\" src=\"https:\/\/www.youtube.com\/embed\/ZCRGxidMDaw?feature=oembed\" frameborder=\"0\" allow=\"accelerometer; autoplay; clipboard-write; encrypted-media; gyroscope; picture-in-picture; web-share\" referrerpolicy=\"strict-origin-when-cross-origin\" allowfullscreen><\/iframe><\/p>\n<p><iframe loading=\"lazy\" title=\"Video 36 Solea\u0301 por Buleri\u0301as Paseo Variationen\" width=\"660\" height=\"371\" src=\"https:\/\/www.youtube.com\/embed\/W8HnLikz8XQ?feature=oembed\" frameborder=\"0\" allow=\"accelerometer; autoplay; clipboard-write; encrypted-media; gyroscope; picture-in-picture; web-share\" referrerpolicy=\"strict-origin-when-cross-origin\" allowfullscreen><\/iframe><\/p>\n<p><iframe loading=\"lazy\" title=\"Video 54 Buleri\u0301as a 12 Melodiefigur 4\" width=\"660\" height=\"371\" src=\"https:\/\/www.youtube.com\/embed\/iP4grJuQihE?feature=oembed\" frameborder=\"0\" allow=\"accelerometer; autoplay; clipboard-write; encrypted-media; gyroscope; picture-in-picture; web-share\" referrerpolicy=\"strict-origin-when-cross-origin\" allowfullscreen><\/iframe><\/p>\n<p><iframe loading=\"lazy\" title=\"Video 71 Buleri\u0301as a 6 Falseta auf 9-und\" width=\"660\" height=\"371\" src=\"https:\/\/www.youtube.com\/embed\/0gKuQE7Fzh4?feature=oembed\" frameborder=\"0\" allow=\"accelerometer; autoplay; clipboard-write; encrypted-media; gyroscope; picture-in-picture; web-share\" referrerpolicy=\"strict-origin-when-cross-origin\" allowfullscreen><\/iframe><\/p>\n<p><iframe loading=\"lazy\" title=\"Video 73 Buleri\u0301as a 6 3er-Remate mit Verla\u0308ngerung\" width=\"660\" height=\"371\" src=\"https:\/\/www.youtube.com\/embed\/FaO0ioQtGxs?feature=oembed\" frameborder=\"0\" allow=\"accelerometer; autoplay; clipboard-write; encrypted-media; gyroscope; picture-in-picture; web-share\" referrerpolicy=\"strict-origin-when-cross-origin\" allowfullscreen><\/iframe><\/p>\n\n<p><\/p><!-- \/wp:post-content -->","protected":false},"excerpt":{"rendered":"<p>\u00a1Toca Flamenco! Rhythmusschule f\u00fcr Flamencogitarre Mario l&#8217;Ange Bestellnr.: BSM-N13 ISBN:&nbsp;978-3-945186-12-1 V\u00d6: 02.12.2024 124 Seiten A4, gebunden; Softcover Hochglanz inkl. 78 Videoclips f\u00fcr Streaming &amp; Download (per QR-Code) Versandgewicht: 495 g Das neue Flamencogitarrenbuch! Erstmalig in deutscher Sprache: Einf\u00fchrung in die Tanzbegleitung und Improvisation.&nbsp;Ausf\u00fchrliche Kapitel zu Seguiriyas, Sole\u00e1 por Buler\u00edas und Buler\u00edas. Neues grafisches System zum &hellip; <a href=\"https:\/\/www.blacksparkmedia.de\/?page_id=1113\" class=\"more-link\"><span class=\"screen-reader-text\">Buch \u00a1Toca Flamenco!<\/span> weiterlesen<\/a><\/p>\n","protected":false},"author":2,"featured_media":0,"parent":0,"menu_order":0,"comment_status":"closed","ping_status":"closed","template":"","meta":{"footnotes":""},"class_list":["post-1113","page","type-page","status-publish","hentry"],"_links":{"self":[{"href":"https:\/\/www.blacksparkmedia.de\/index.php?rest_route=\/wp\/v2\/pages\/1113","targetHints":{"allow":["GET"]}}],"collection":[{"href":"https:\/\/www.blacksparkmedia.de\/index.php?rest_route=\/wp\/v2\/pages"}],"about":[{"href":"https:\/\/www.blacksparkmedia.de\/index.php?rest_route=\/wp\/v2\/types\/page"}],"author":[{"embeddable":true,"href":"https:\/\/www.blacksparkmedia.de\/index.php?rest_route=\/wp\/v2\/users\/2"}],"replies":[{"embeddable":true,"href":"https:\/\/www.blacksparkmedia.de\/index.php?rest_route=%2Fwp%2Fv2%2Fcomments&post=1113"}],"version-history":[{"count":96,"href":"https:\/\/www.blacksparkmedia.de\/index.php?rest_route=\/wp\/v2\/pages\/1113\/revisions"}],"predecessor-version":[{"id":2140,"href":"https:\/\/www.blacksparkmedia.de\/index.php?rest_route=\/wp\/v2\/pages\/1113\/revisions\/2140"}],"wp:attachment":[{"href":"https:\/\/www.blacksparkmedia.de\/index.php?rest_route=%2Fwp%2Fv2%2Fmedia&parent=1113"}],"curies":[{"name":"wp","href":"https:\/\/api.w.org\/{rel}","templated":true}]}}