{"id":1105,"date":"2024-11-27T22:38:38","date_gmt":"2024-11-27T21:38:38","guid":{"rendered":"http:\/\/www.blacksparkmedia.de\/?page_id=1105"},"modified":"2025-06-04T20:13:26","modified_gmt":"2025-06-04T18:13:26","slug":"datenschutzerklaerung","status":"publish","type":"page","link":"https:\/\/www.blacksparkmedia.de\/?page_id=1105","title":{"rendered":"Datenschutzerkl\u00e4rung"},"content":{"rendered":"<h2 class=\"wp-block-heading\">Datenschutzerkl\u00e4rung<\/h2>\n<div class=\"wp-block-spacer\" style=\"height: 18px;\" aria-hidden=\"true\"><\/div>\n<p class=\"has-text-align-left\"><strong>Allgemeiner Hinweis und Pflichtinformationen<\/strong><\/p>\n<p class=\"has-text-align-left\">Die verantwortliche Stelle f\u00fcr die Datenverarbeitung auf dieser Website ist:<br \/>\nMario Lange<br \/>\nJohannisstra\u00dfe 17 B<br \/>\nD-\u202866111 Saarbr\u00fccken<br \/>\nDie verantwortliche Stelle entscheidet allein oder gemeinsam mit anderen \u00fcber die Zwecke und Mittel der Verarbeitung von personenbezogenen Daten (z.B. Namen, Kontaktdaten o. \u00c4.).<\/p>\n<div class=\"wp-block-spacer\" style=\"height: 18px;\" aria-hidden=\"true\"><\/div>\n<p class=\"has-text-align-left\"><strong>Widerruf Ihrer Einwilligung zur Datenverarbeitung<\/strong><\/p>\n<p class=\"has-text-align-left\">Nur mit Ihrer ausdr\u00fccklichen Einwilligung sind einige Vorg\u00e4nge der Datenverarbeitung m\u00f6glich. Ein Widerruf Ihrer bereits erteilten Einwilligung ist jederzeit m\u00f6glich. F\u00fcr den Widerruf gen\u00fcgt eine formlose Mitteilung per E-Mail. Die Rechtm\u00e4\u00dfigkeit der bis zum Widerruf erfolgten Datenverarbeitung bleibt vom Widerruf unber\u00fchrt.<\/p>\n<div class=\"wp-block-spacer\" style=\"height: 18px;\" aria-hidden=\"true\"><\/div>\n<p class=\"has-text-align-left\"><strong>Recht auf Beschwerde bei der zust\u00e4ndigen Aufsichtsbeh\u00f6rde<\/strong><\/p>\n<p class=\"has-text-align-left\">Als Betroffener steht Ihnen im Falle eines datenschutzrechtlichen Versto\u00dfes ein Beschwerderecht bei der zust\u00e4ndigen Aufsichtsbeh\u00f6rde zu. Zust\u00e4ndige Aufsichtsbeh\u00f6rde bez\u00fcglich datenschutzrechtlicher Fragen ist der Landesdatenschutzbeauftragte des Bundeslandes, in dem sich der Sitz unseres Unternehmens befindet. Der folgende Link stellt eine Liste der Datenschutzbeauftragten sowie deren Kontaktdaten bereit: https:\/\/www.bfdi.bund.de\/DE\/Infothek\/Anschriften_Links\/anschriften_links-node.html.<\/p>\n<div class=\"wp-block-spacer\" style=\"height: 18px;\" aria-hidden=\"true\"><\/div>\n<p class=\"has-text-align-left\"><strong>Recht auf Daten\u00fcbertragbarkeit<\/strong><\/p>\n<p class=\"has-text-align-left\">Ihnen steht das Recht zu, Daten, die wir auf Grundlage Ihrer Einwilligung oder in Erf\u00fcllung eines Vertrags automatisiert verarbeiten, an sich oder an Dritte aush\u00e4ndigen zu lassen. Die Bereitstellung erfolgt in einem maschinenlesbaren Format. Sofern Sie die direkte \u00dcbertragung der Daten an einen anderen Verantwortlichen verlangen, erfolgt dies nur, soweit es technisch machbar ist.<br \/>\nServer-Log-Dateien<br \/>\nIn Server-Log-Dateien erhebt und speichert der Provider der Website automatisch Informationen, die Ihr Browser automatisch an uns \u00fcbermittelt. Dies sind:<br \/>\n\u2022 Browsertyp und Browserversion<br \/>\n\u2022 Verwendetes Betriebssystem<br \/>\n\u2022 Referrer URL<br \/>\n\u2022 Hostname des zugreifenden Rechners<br \/>\n\u2022 Uhrzeit der Serveranfrage<br \/>\n\u2022 IP-Adresse<br \/>\nEs findet keine Zusammenf\u00fchrung dieser Daten mit anderen Datenquellen statt. Grundlage der Datenverarbeitung bildet Art. 6 Abs. 1 lit. b DSGVO, der die Verarbeitung von Daten zur Erf\u00fcllung eines Vertrags oder vorvertraglicher Ma\u00dfnahmen gestattet.<\/p>\n<div class=\"wp-block-spacer\" style=\"height: 18px;\" aria-hidden=\"true\"><\/div>\n<p class=\"has-text-align-left\"><strong>Daten\u00fcbermittlung bei Vertragsschluss f\u00fcr Warenkauf und Warenversand<\/strong><\/p>\n<p class=\"has-text-align-left\">Personenbezogene Daten werden nur an Dritte nur \u00fcbermittelt, sofern eine Notwendigkeit im Rahmen der Vertragsabwicklung besteht. Dritte k\u00f6nnen beispielsweise Bezahldienstleister oder Logistikunternehmen sein. Eine weitergehende \u00dcbermittlung der Daten findet nicht statt bzw. nur dann, wenn Sie dieser ausdr\u00fccklich zugestimmt haben.<br \/>\nGrundlage f\u00fcr die Datenverarbeitung ist Art. 6 Abs. 1 lit. b DSGVO, der die Verarbeitung von Daten zur Erf\u00fcllung eines Vertrags oder vorvertraglicher Ma\u00dfnahmen gestattet.<\/p>\n<div class=\"wp-block-spacer\" style=\"height: 18px;\" aria-hidden=\"true\"><\/div>\n<p class=\"has-text-align-left\"><strong>Kontaktformular<\/strong><\/p>\n<p class=\"has-text-align-left\">Per Kontaktformular \u00fcbermittelte Daten werden einschlie\u00dflich Ihrer Kontaktdaten gespeichert, um Ihre Anfrage bearbeiten zu k\u00f6nnen oder um f\u00fcr Anschlussfragen bereitzustehen. Eine Weitergabe dieser Daten findet ohne Ihre Einwilligung nicht statt.<br \/>\nDie Verarbeitung der in das Kontaktformular eingegebenen Daten erfolgt ausschlie\u00dflich auf Grundlage Ihrer Einwilligung (Art. 6 Abs. 1 lit. a DSGVO). Ein Widerruf Ihrer bereits erteilten Einwilligung ist jederzeit m\u00f6glich. F\u00fcr den Widerruf gen\u00fcgt eine formlose Mitteilung per E-Mail. Die Rechtm\u00e4\u00dfigkeit der bis zum Widerruf erfolgten Datenverarbeitungsvorg\u00e4nge bleibt vom Widerruf unber\u00fchrt.<br \/>\n\u00dcber das Kontaktformular \u00fcbermittelte Daten verbleiben bei uns, bis Sie uns zur L\u00f6schung auffordern, Ihre Einwilligung zur Speicherung widerrufen oder keine Notwendigkeit der Datenspeicherung mehr besteht. Zwingende gesetzliche Bestimmungen &#8211; insbesondere Aufbewahrungsfristen &#8211; bleiben unber\u00fchrt.<\/p>\n<div class=\"wp-block-spacer\" style=\"height: 18px;\" aria-hidden=\"true\"><\/div>\n<p class=\"has-text-align-left\"><strong>YouTube<\/strong><\/p>\n<p class=\"has-text-align-left\">F\u00fcr Integration und Darstellung von Videoinhalten nutzt unsere Website Plugins von YouTube. Anbieter des Videoportals ist die YouTube, LLC, 901 Cherry Ave., San Bruno, CA 94066, USA.<br \/>\nBei Aufruf einer Seite mit integriertem YouTube-Plugin wird eine Verbindung zu den Servern von YouTube hergestellt. YouTube erf\u00e4hrt hierdurch, welche unserer Seiten Sie aufgerufen haben.<br \/>\nYouTube kann Ihr Surfverhalten direkt Ihrem pers\u00f6nlichen Profil zuzuordnen, sollten Sie in Ihrem YouTube Konto eingeloggt sein. Durch vorheriges Ausloggen haben Sie die M\u00f6glichkeit, dies zu unterbinden.<br \/>\nDie Nutzung von YouTube erfolgt im Interesse einer ansprechenden Darstellung unserer Online-Angebote. Dies stellt ein berechtigtes Interesse im Sinne von Art. 6 Abs. 1 lit. f DSGVO dar.<br \/>\nEinzelheiten zum Umgang mit Nutzerdaten finden Sie in der Datenschutzerkl\u00e4rung von YouTube unter: https:\/\/www.google.de\/intl\/de\/policies\/privacy.<\/p>\n<div class=\"wp-block-spacer\" style=\"height: 18px;\" aria-hidden=\"true\"><\/div>\n<p class=\"has-text-align-left\"><strong>SoundCloud<\/strong><\/p>\n<p class=\"has-text-align-left\">F\u00fcr Integration und Darstellung von Audioinhalten nutzt unsere Website Funktionen (Widgets) von SoundCloud. Anbieter des Audioportals ist die SoundCloud Global Limited &amp; Co. KG, Rheinsberger Str. 76\/77, 10115 Berlin, Deutschland.<br \/>\nBei Aufruf einer Seite mit integriertem SoundCloud-Plugin wird eine Verbindung zu den Servern von SoundCloud hergestellt. SoundCloud erf\u00e4hrt hierdurch, welche unserer Seiten Sie aufgerufen haben.<br \/>\nSoundCloud kann Ihr Surfverhalten direkt Ihrem pers\u00f6nlichen Profil zuzuordnen, sollten Sie in Ihrem SoundCloud-Konto eingeloggt sein. Durch vorheriges Ausloggen haben Sie die M\u00f6glichkeit, dies zu unterbinden. SoundCloud verwendet nicht nur eigene Cookies, sondern auch Cookies von Drittanbietern wie Facebook oder Google Analytics. Die \u00dcbertragung von Daten und Informationen zu technischen Ger\u00e4ten sowie Ihrem Verhalten auf der Webseite findet dabei ausschlie\u00dflich zwischen Ihnen und SoundCloud statt.<br \/>\nDie Nutzung von SoundCloud erfolgt im Interesse einer ansprechenden Darstellung unserer Online-Angebote. Dies stellt ein berechtigtes Interesse im Sinne von Art. 6 Abs. 1 lit. f DSGVO dar.<br \/>\nEinzelheiten zum Umgang mit Nutzerdaten finden Sie in der Datenschutzerkl\u00e4rung von SoundCloud unter: <a href=\"https:\/\/soundcloud.com\/pages\/privacy\">https:\/\/soundcloud.com\/pages\/privacy<\/a><\/p>\n<div class=\"wp-block-spacer\" style=\"height: 18px;\" aria-hidden=\"true\"><\/div>\n<p class=\"has-text-align-left\"><strong>Cookies<\/strong><\/p>\n<p class=\"has-text-align-left\">Unsere Website verwendet Cookies. Das sind kleine Textdateien, die Ihr Webbrowser auf Ihrem Endger\u00e4t speichert. Cookies helfen uns dabei, unser Angebot nutzerfreundlicher, effektiver und sicherer zu machen.<br \/>\nEinige Cookies sind \u201cSession-Cookies.\u201d Solche Cookies werden nach Ende Ihrer Browser-Sitzung von selbst gel\u00f6scht. Hingegen bleiben andere Cookies auf Ihrem Endger\u00e4t bestehen, bis Sie diese selbst l\u00f6schen. Solche Cookies helfen uns, Sie bei R\u00fcckkehr auf unserer Website wiederzuerkennen.<br \/>\nMit einem modernen Webbrowser k\u00f6nnen Sie das Setzen von Cookies \u00fcberwachen, einschr\u00e4nken oder unterbinden. Viele Webbrowser lassen sich so konfigurieren, dass Cookies mit dem Schlie\u00dfen des Programms von selbst gel\u00f6scht werden. Die Deaktivierung von Cookies kann eine eingeschr\u00e4nkte Funktionalit\u00e4t unserer Website zur Folge haben.<br \/>\nDas Setzen von Cookies, die zur Aus\u00fcbung elektronischer Kommunikationsvorg\u00e4nge oder der Bereitstellung bestimmter, von Ihnen erw\u00fcnschter Funktionen (z.B. Warenkorb) notwendig sind, erfolgt auf Grundlage von Art. 6 Abs. 1 lit. f DSGVO. Als Betreiber dieser Website haben wir ein berechtigtes Interesse an der Speicherung von Cookies zur technisch fehlerfreien und reibungslosen Bereitstellung unserer Dienste. Sofern die Setzung anderer Cookies (z.B. f\u00fcr Analyse-Funktionen) erfolgt, werden diese in dieser Datenschutzerkl\u00e4rung separat behandelt.<\/p>\n<div class=\"wp-block-spacer\" style=\"height: 18px;\" aria-hidden=\"true\"><\/div>\n<p class=\"has-text-align-left\">Quelle: Datenschutz-Konfigurator von mein-datenschutzbeauftragter.de<br \/>\nLetzte Aktualisierung: Januar 2025<\/p>\n<div class=\"wp-block-spacer\" style=\"height: 18px;\" aria-hidden=\"true\"><\/div>\n","protected":false},"excerpt":{"rendered":"<p>Datenschutzerkl\u00e4rung Allgemeiner Hinweis und Pflichtinformationen Die verantwortliche Stelle f\u00fcr die Datenverarbeitung auf dieser Website ist: Mario Lange Johannisstra\u00dfe 17 B D-\u202866111 Saarbr\u00fccken Die verantwortliche Stelle entscheidet allein oder gemeinsam mit anderen \u00fcber die Zwecke und Mittel der Verarbeitung von personenbezogenen Daten (z.B. Namen, Kontaktdaten o. \u00c4.). Widerruf Ihrer Einwilligung zur Datenverarbeitung Nur mit Ihrer ausdr\u00fccklichen &hellip; <a href=\"https:\/\/www.blacksparkmedia.de\/?page_id=1105\" class=\"more-link\"><span class=\"screen-reader-text\">Datenschutzerkl\u00e4rung<\/span> weiterlesen<\/a><\/p>\n","protected":false},"author":2,"featured_media":0,"parent":0,"menu_order":0,"comment_status":"closed","ping_status":"closed","template":"","meta":{"footnotes":""},"class_list":["post-1105","page","type-page","status-publish","hentry"],"_links":{"self":[{"href":"https:\/\/www.blacksparkmedia.de\/index.php?rest_route=\/wp\/v2\/pages\/1105","targetHints":{"allow":["GET"]}}],"collection":[{"href":"https:\/\/www.blacksparkmedia.de\/index.php?rest_route=\/wp\/v2\/pages"}],"about":[{"href":"https:\/\/www.blacksparkmedia.de\/index.php?rest_route=\/wp\/v2\/types\/page"}],"author":[{"embeddable":true,"href":"https:\/\/www.blacksparkmedia.de\/index.php?rest_route=\/wp\/v2\/users\/2"}],"replies":[{"embeddable":true,"href":"https:\/\/www.blacksparkmedia.de\/index.php?rest_route=%2Fwp%2Fv2%2Fcomments&post=1105"}],"version-history":[{"count":28,"href":"https:\/\/www.blacksparkmedia.de\/index.php?rest_route=\/wp\/v2\/pages\/1105\/revisions"}],"predecessor-version":[{"id":1876,"href":"https:\/\/www.blacksparkmedia.de\/index.php?rest_route=\/wp\/v2\/pages\/1105\/revisions\/1876"}],"wp:attachment":[{"href":"https:\/\/www.blacksparkmedia.de\/index.php?rest_route=%2Fwp%2Fv2%2Fmedia&parent=1105"}],"curies":[{"name":"wp","href":"https:\/\/api.w.org\/{rel}","templated":true}]}}